{"id":7324,"date":"2025-11-11T10:58:16","date_gmt":"2025-11-11T10:58:16","guid":{"rendered":"https:\/\/decker-co.de\/de\/?page_id=7324"},"modified":"2025-11-11T11:01:42","modified_gmt":"2025-11-11T11:01:42","slug":"datenschutz-geschaeftspartner","status":"publish","type":"page","link":"https:\/\/decker-co.de\/de\/fr\/datenschutz-geschaeftspartner\/","title":{"rendered":"Datenschutz \u00b7 Gesch\u00e4ftspartner"},"content":{"rendered":"<p>[et_pb_section fb_built=&#8220;1&#8243; custom_padding_last_edited=&#8220;on|desktop&#8220; _builder_version=&#8220;4.16&#8243; background_color=&#8220;#575656&#8243; custom_padding_tablet=&#8220;50px|0|50px|0&#8243; custom_padding_phone=&#8220;&#8220; transparent_background=&#8220;off&#8220; padding_mobile=&#8220;off&#8220; make_fullwidth=&#8220;off&#8220; use_custom_width=&#8220;off&#8220; width_unit=&#8220;on&#8220; global_colors_info=&#8220;{}&#8220;][et_pb_row padding_mobile=&#8220;off&#8220; column_padding_mobile=&#8220;on&#8220; _builder_version=&#8220;4.16&#8243; background_size=&#8220;initial&#8220; background_position=&#8220;top_left&#8220; background_repeat=&#8220;repeat&#8220; make_fullwidth=&#8220;off&#8220; use_custom_width=&#8220;off&#8220; width_unit=&#8220;on&#8220; global_colors_info=&#8220;{}&#8220;][et_pb_column type=&#8220;4_4&#8243; _builder_version=&#8220;4.16&#8243; custom_padding=&#8220;|||&#8220; global_colors_info=&#8220;{}&#8220; custom_padding__hover=&#8220;|||&#8220;][\/et_pb_column][\/et_pb_row][\/et_pb_section][et_pb_section fb_built=&#8220;1&#8243; custom_padding_last_edited=&#8220;on|desktop&#8220; admin_label=&#8220;section&#8220; _builder_version=&#8220;4.16&#8243; background_color=&#8220;rgba(255,255,255,0.85)&#8220; custom_padding_tablet=&#8220;50px|0|50px|0&#8243; custom_padding_phone=&#8220;&#8220; transparent_background=&#8220;off&#8220; padding_mobile=&#8220;off&#8220; make_fullwidth=&#8220;off&#8220; use_custom_width=&#8220;off&#8220; width_unit=&#8220;on&#8220; global_colors_info=&#8220;{}&#8220;][et_pb_row column_structure=&#8220;1_2,1_2&#8243; _builder_version=&#8220;4.16&#8243; background_size=&#8220;initial&#8220; background_position=&#8220;top_left&#8220; background_repeat=&#8220;repeat&#8220; global_colors_info=&#8220;{}&#8220;][et_pb_column type=&#8220;1_2&#8243; _builder_version=&#8220;4.16&#8243; custom_padding=&#8220;|||&#8220; global_colors_info=&#8220;{}&#8220; custom_padding__hover=&#8220;|||&#8220;][et_pb_text admin_label=&#8220;Impressum&#8220; _builder_version=&#8220;4.16&#8243; background_size=&#8220;initial&#8220; background_position=&#8220;top_left&#8220; background_repeat=&#8220;repeat&#8220; use_border_color=&#8220;off&#8220; border_color=&#8220;#ffffff&#8220; border_style=&#8220;solid&#8220; global_colors_info=&#8220;{}&#8220;]<\/p>\n<h3><strong>IMPRESSUM<\/strong><\/h3>\n<p><strong>Herausgeber<\/strong><\/p>\n<p><strong>decker &amp; co \u00b7 Internationale Spedition GmbH<br \/><\/strong><\/p>\n<div class=\"p\">\n<p>Von-Drais-Stra\u00dfe 26<br \/>77855 Achern<\/p>\n<p>Telefon: +49 7841\/2028-20<br \/>Telefax: +49 7841\/2028-40<\/p>\n<p>E-Mail: <span style=\"color: #ff0000;\"><a href=\"mailto:info@decker-co.de\" style=\"color: #ff0000;\">info@decker-co.de<\/a><\/span><br \/>Internet: <span style=\"color: #ff0000;\"><a href=\"http:\/\/www.decker-co.de\/\" style=\"color: #ff0000;\">www.decker-co.de<\/a><\/span><\/p>\n<p><strong>Vertretungsberechtigte Gesch\u00e4ftsf\u00fchrer:<\/strong><br \/>Tobias Haas<br \/>J\u00fcrgen Fr\u00f6mberg<\/p>\n<\/div>\n<p>[\/et_pb_text][\/et_pb_column][et_pb_column type=&#8220;1_2&#8243; _builder_version=&#8220;4.16&#8243; custom_padding=&#8220;|||&#8220; global_colors_info=&#8220;{}&#8220; custom_padding__hover=&#8220;|||&#8220;][et_pb_text admin_label=&#8220;Impressum&#8220; _builder_version=&#8220;4.16&#8243; background_size=&#8220;initial&#8220; background_position=&#8220;top_left&#8220; background_repeat=&#8220;repeat&#8220; use_border_color=&#8220;off&#8220; global_colors_info=&#8220;{}&#8220;]<\/p>\n<div class=\"p\">\n<p>Registergericht: Amtsgericht Mannheim<br \/>Registernummer: HRB 220534<br \/>Umsatzsteuer-Identifikationsnummer gem\u00e4\u00df \u00a7 27 a Umsatzsteuergesetz:<br \/>DE 1425 80968<\/p>\n<p>Zust\u00e4ndige Aufsichtsbeh\u00f6rde:<br \/>Bundesamt f\u00fcr G\u00fcterverkehr<br \/>Werderstra\u00dfe 34<br \/>50672 K\u00f6ln<\/p>\n<p><strong>Haftungshinweis<\/strong><br \/>Trotz sorgf\u00e4ltiger inhaltlicher Kontrolle \u00fcbernehmen wir keine Haftung f\u00fcr die Inhalte externer Links. F\u00fcr den Inhalt der verlinkten Seiten sind ausschlie\u00dflich deren Betreiber verantwortlich.<\/p>\n<p><strong>Webdesign und Realisation<\/strong><\/p>\n<\/div>\n<p>T23a Werbeagentur GmbH<\/p>\n<p>&nbsp;<\/p>\n<p>[\/et_pb_text][\/et_pb_column][\/et_pb_row][et_pb_row module_id=&#8220;datenschutz&#8220; _builder_version=&#8220;4.16&#8243; custom_margin=&#8220;|auto||72px||&#8220; custom_padding=&#8220;|||0px||&#8220; global_colors_info=&#8220;{}&#8220;][et_pb_column type=&#8220;4_4&#8243; _builder_version=&#8220;4.16&#8243; custom_padding=&#8220;|||&#8220; global_colors_info=&#8220;{}&#8220; custom_padding__hover=&#8220;|||&#8220;][et_pb_text _builder_version=&#8220;4.27.4&#8243; header_4_line_height=&#8220;1.7em&#8220; hover_enabled=&#8220;0&#8243; global_colors_info=&#8220;{}&#8220; custom_padding=&#8220;2px|||||&#8220; sticky_enabled=&#8220;0&#8243;]<\/p>\n<h3><strong>Datenschutzhinweise f\u00fcr Gesch\u00e4ftspartner<\/strong><\/h3>\n<p><span>[borlabs-cookie type=&#8220;btn-cookie-preference&#8220; title=&#8220;<a href=\"https:\/\/tisch-gmbh.de\/impressum-%c2%b7-datenschutz\/#\" class=\"_brlbs-btn-cookie-preference borlabs-cookie-preference\">Cookie Einstellungen anpassen<\/a>&#8222;\/]<\/span><\/p>\n<p><strong>Unser Umgang mit Ihren Daten und Ihre Rechte \u2013 Informationen nach Art. 13 ff. der EU-Datenschutz-Grundverordnung (EU-DSGVO)<\/strong><\/p>\n<p>Mit den folgenden Informationen m\u00f6chten wir Ihnen einen \u00dcberblick \u00fcber die Verarbeitung Ihrer personenbezogenen Daten durch uns und Ihre daraus entstehenden Rechte geben. Welche Daten im Einzelnen verarbeitet und in welcher Weise genutzt werden, richtet sich ma\u00dfgeblich nach den jeweils beantragten bzw. vereinbarten Dienstleistungen. Daher werden ggf. nicht alle hier enthaltenen Aussagen auf Sie zutreffen.<\/p>\n<p>Dar\u00fcber hinaus kann diese Datenschutzinformation von Zeit zu Zeit aktualisiert werden. Die aktuelle Version finden Sie auf unserer Webseite unter: <strong>https:\/\/www.decker-co.de<\/strong><\/p>\n<p><strong>Wer ist f\u00fcr die Datenverarbeitung verantwortlich und an wen kann ich mich wenden?<\/strong><\/p>\n<p><strong>Verantwortliche Stelle ist:<\/strong><\/p>\n<p>decker &amp; co Internationale Spedition GmbH<br \/>Von-Drais-Stra\u00dfe 26<br \/>77855 Achern<\/p>\n<p>\u00a0Tel: \u00a0\u00a0\u00a0\u00a0 +49 7841\/2028-20<br \/>Fax: \u00a0\u00a0\u00a0 +49 7841\/2028-40<br \/>E-Mail:<span style=\"color: #e02b20;\"> <a href=\"mailto:info@decker-co.de\" style=\"color: #e02b20;\">info@decker-co.de<\/a><\/span><\/p>\n<p>\u00a0GF: Tobias Haas, J\u00fcrgen Fr\u00f6mberg<\/p>\n<p>\u00a0Sie erreichen unseren Datenschutzbeauftragten, Herrn Dirk Hellmich, unter der oben aufgef\u00fchrten Postanschrift mit dem Zusatz \u201eAn den Datenschutzbeauftragten\u201c oder direkt \u00fcber die E-Mail-Adresse: <strong>dirk.hellmich@bechtle.com.<\/strong><\/p>\n<p>\u00a0<strong>Art der erhobenen personenbezogenen Daten<\/strong><\/p>\n<p>Wir verarbeiten folgende personenbezogene Daten, die wir im Rahmen unserer Gesch\u00e4ftsbeziehung von Ihnen erhalten:<\/p>\n<p>Unternehmensname mit Rechtsform und Anschrift<br \/>Titel und Namen<br \/>Telefonnummer<br \/>Faxnummer<br \/>E-Mail-Adresse<br \/>T\u00e4tigkeitsbereich bzw. Position<br \/>Abweichende Lieferanschrift<br \/>Bestellhistorie<br \/>Steuerdaten<br \/>Bankdaten<br \/>Bonit\u00e4tsdaten<\/p>\n<p>\u00a0<strong>Wir verarbeiten Ihre Daten zu folgenden Zwecken und auf folgender Rechtsgrundlage<\/strong><\/p>\n<p>Wir verarbeiten personenbezogene Daten im Einklang mit den Bestimmungen der europ\u00e4ischen Datenschutz-Grundverordnung (EU-DSGVO) und dem Bundesdatenschutzgesetz (BDSG).<\/p>\n<p><strong>Aufgrund Ihrer Einwilligung (Art. 6 Abs. 1 Buchst. a DSGVO)<\/strong><\/p>\n<p>Soweit Sie uns eine Einwilligung zur Verarbeitung von personenbezogenen Daten f\u00fcr bestimmte\u00a0Zwecke (z. B. Nutzung der E-Mail-Adresse f\u00fcr den Newsletter Versand) erteilt haben, ist die Rechtm\u00e4\u00dfigkeit dieser Verarbeitung auf Basis Ihrer Einwilligung gegeben. Eine erteilte Einwilligung kann jederzeit widerrufen werden. Dieses gilt auch f\u00fcr den Widerruf von Einwilligungserkl\u00e4rungen, die vor der Geltung der DSGVO, also vor dem 25.05.2018, uns gegen\u00fcber erteilt worden sind. Der Widerruf der Einwilligung ber\u00fchrt nicht die Rechtm\u00e4\u00dfigkeit der bis zum Widerruf verarbeiteten Daten.<\/p>\n<p><strong>Zur Erf\u00fcllung von vertraglichen Pflichten (Art. 6 Abs. 1 Buchst. b DSGVO)<\/strong><\/p>\n<p>Die Verarbeitung von Daten erfolgt zur Erf\u00fcllung eines Vertrages mit Ihnen oder zur Durchf\u00fchrung vorvertraglicher Ma\u00dfnahmen, die auf Ihre Anfrage hin erfolgen.<\/p>\n<p><strong>Aufgrund gesetzlicher Vorgaben (Art. 6 Abs. 1 Buchst. c DSGVO)<\/strong><\/p>\n<p>Wir unterliegen verschiedenen gesetzlichen Verpflichtungen, die eine Datenverarbeitung nach sich ziehen. Hierzu z\u00e4hlen z. B.:<\/p>\n<p>Steuergesetze sowie die gesetzliche Buchf\u00fchrung<\/p>\n<p>die Erf\u00fcllung steuerrechtlicher Kontroll- und Meldepflichten<br \/>die Erf\u00fcllung von Anfragen und Anforderungen von Aufsichts- oder Strafverfolgungsbeh\u00f6rden<\/p>\n<p>Dar\u00fcber hinaus kann die Offenlegung personenbezogener Daten im Rahmen von beh\u00f6rdlichen\/gerichtlichen Ma\u00dfnahmen zu Zwecken der Beweiserhebung, Strafverfolgung oder Durchsetzung zivilrechtlicher Anspr\u00fcche erforderlich werden.<\/p>\n<p><strong>Im Rahmen der Interessenabw\u00e4gung (Art. 6 Abs. 1 f DSGVO)<\/strong><\/p>\n<p>Soweit erforderlich, verarbeiten wir Ihre Daten \u00fcber die eigentliche Erf\u00fcllung des Vertrages hinaus zur Wahrung berechtigter Interessen von uns oder Dritten. Beispiele f\u00fcr solche F\u00e4lle sind:<\/p>\n<p>Geltendmachung rechtlicher Anspr\u00fcche und Verteidigung bei rechtlichen Streitigkeiten<br \/>Verarbeitungen im ERP-System<\/p>\n<p>Gew\u00e4hrleistung der IT-Sicherheit und des IT-Betriebes<\/p>\n<p>Bonit\u00e4tspr\u00fcfung<\/p>\n<p>Pflege der Kundenbeziehung<\/p>\n<p>Werbung, soweit Sie der Nutzung Ihrer Daten nicht widersprochen haben<\/p>\n<p><strong>Wer bekommt meine Daten?<\/strong><\/p>\n<p><strong>Innerhalb unseres Hauses<\/strong><\/p>\n<p>Mitarbeiter f\u00fcr den Kontakt mit Ihnen und die vertragliche Zusammenarbeit (inkl. der Erf\u00fcllung vorvertraglicher Ma\u00dfnahmen)<\/p>\n<p><strong>Im Rahmen von Auftragsverarbeitungen<\/strong><\/p>\n<p>Ihre Daten werden ggf. an Dienstleister weitergegeben, die f\u00fcr uns als Auftragsverarbeiter t\u00e4tig werden:<\/p>\n<p>Unterst\u00fctzung bzw. Wartung von EDV oder IT-Anwendungen<\/p>\n<p>Externe Dienstleister<\/p>\n<p>S\u00e4mtliche Dienstleister sind vertraglich gebunden und insbesondere dazu verpflichtet, Ihre Daten vertraulich zu behandeln.<\/p>\n<p><strong>Sonstige Dritte<\/strong><\/p>\n<p>Eine Weitergabe von Daten an Empf\u00e4nger au\u00dferhalb unseres Hauses erfolgt nur unter Beachtung der anzuwendenden Vorschriften zum Datenschutz. Empf\u00e4nger personenbezogener Daten k\u00f6nnen z.B. sein:<\/p>\n<p>Versand-Dienstleister<\/p>\n<p>\u00d6ffentliche Stellen und Institutionen (z. B. Finanz- oder Strafverfolgungsbeh\u00f6rden) bei Vorliegen einer gesetzlichen oder beh\u00f6rdlichen Verpflichtung<br \/>Kredit- und Finanzdienstleister (Abwicklung Zahlungsverkehr)<br \/>Steuerberater oder Wirtschafts- und Lohnsteuer- und Betriebspr\u00fcfer (gesetzlicher Pr\u00fcfungsauftrag)<\/p>\n<p>&nbsp;<\/p>\n<p><strong>Werden Daten in ein Drittland oder an eine internationale Organisation \u00fcbermittelt?<\/strong><\/p>\n<p>Ihre Daten werden nur innerhalb der Europ\u00e4ischen Union und Staaten innerhalb des Europ\u00e4ischen Wirtschaftsraums (EWR) verarbeitet.<\/p>\n<p><strong>Wie lange werden meine Daten gespeichert?<\/strong><\/p>\n<p>Wir verarbeiten und speichern Ihre personenbezogenen Daten, solange dies f\u00fcr die Erf\u00fcllung unserer vertraglichen und gesetzlichen Pflichten erforderlich ist. Sind die Daten f\u00fcr die Erf\u00fcllung vertraglicher oder gesetzlicher Pflichten nicht mehr erforderlich, werden diese regelm\u00e4\u00dfig gel\u00f6scht.<\/p>\n<p>Ausnahmen ergeben sich,<\/p>\n<ul>\n<li>soweit gesetzliche Aufbewahrungspflichten zu erf\u00fcllen sind, z.B. Handelsgesetzbuch (HGB) und Abgabenordnung (AO), erforderlich sind. Die dort vorgegebenen Fristen zur Aufbewahrung bzw. Dokumentation betragen in der Regel sechs bis zehn Jahre;<\/li>\n<li>zur Erhaltung von Beweismitteln im Rahmen der gesetzlichen Verj\u00e4hrungsvorschriften. Nach den \u00a7\u00a7 195 ff des B\u00fcrgerlichen Gesetzbuches (BGB) k\u00f6nnen diese Verj\u00e4hrungsfristen bis zu 30 Jahre betragen, wobei die regelm\u00e4\u00dfige Verj\u00e4hrungsfrist 3 Jahre betr\u00e4gt.<\/li>\n<li>weitere.<\/li>\n<\/ul>\n<p>Sofern die Datenverarbeitung im berechtigten Interesse von uns oder einem Dritten erfolgt, werden die personenbezogenen Daten gel\u00f6scht, sobald dieses Interesse nicht mehr besteht. Hierbei gelten die genannten Ausnahmen.<\/p>\n<p><strong>Welche Datenschutzrechte habe ich?<\/strong><\/p>\n<p>Sie haben das Recht auf Auskunft nach Artikel 15 DSGVO, das Recht auf Berichtigung nach Artikel 16 DSGVO, das Recht auf L\u00f6schung nach Artikel 17 DSGVO, das Recht auf Einschr\u00e4nkung der Verarbeitung nach Artikel 18 DSGVO, das Recht auf Widerspruch aus Artikel 21 DSGVO sowie das Recht auf Daten\u00fcbertragbarkeit aus Artikel 20 DSGVO.<\/p>\n<p>Beim Auskunftsrecht und beim L\u00f6schungsrecht gelten ggf. Einschr\u00e4nkungen nach \u00a7\u00a7 34 und 35 BDSG.<\/p>\n<p>Um diese Rechte geltend zu machen, wenden Sie sich bitte an <a href=\"mailto:info@decker-co.de\"><strong>info@decker-co.de<\/strong><\/a><span>.<\/span><\/p>\n<p>Gleiches gilt, wenn Sie Fragen zur Datenverarbeitung in unserem Unternehmen haben oder eine erteilte Einwilligung widerrufen m\u00f6chten.<\/p>\n<p>Dar\u00fcber hinaus besteht ein Beschwerderecht bei einer zust\u00e4ndigen Datenschutzaufsichts-Beh\u00f6rde (Artikel 77 DSGVO i.V. m. \u00a7 19 BDSG). Die f\u00fcr uns zust\u00e4ndige Aufsichtsbeh\u00f6rde ist:<\/p>\n<p>Landesbeauftragte f\u00fcr den Datenschutz in BW, <strong>Lautenschlagerstra\u00dfe 20<\/strong>, 70173 Stuttgart<\/p>\n<p>Telefonnummer: 0711 615541-0, Faxnummer: 0711 615541-15<br \/><a href=\"mailto:poststelle@lfdi.bwl.de\">poststelle@lfdi.bwl.de<\/a><br \/>https:\/\/www.baden-wuerttemberg.datenschutz.de<\/p>\n<p><strong>Gibt es eine Pflicht zur Bereitstellung von Daten?<\/strong><\/p>\n<p>Im Rahmen des Vertragsverh\u00e4ltnisses m\u00fcssen Sie diejenigen personenbezogenen Daten bereitstellen, die f\u00fcr die Aufnahme, Durchf\u00fchrung und Beendigung des Vertragsverh\u00e4ltnisses und zur Erf\u00fcllung der damit verbundenen vertraglichen Pflichten erforderlich sind oder zu deren Erhebung wir gesetzlich verpflichtet sind. Ohne diese Daten werden wir in der Regel nicht in der Lage sein, den Vertrag mit Ihnen zu schlie\u00dfen oder diesen auszuf\u00fchren.<\/p>\n<p><strong>Information \u00fcber Ihr Widerspruchsrecht nach Artikel 21 Datenschutz-Grundverordnung (DSGVO)<\/strong><\/p>\n<p><strong>Einzelfallbezogenes Widerspruchsrecht<\/strong><\/p>\n<p>Sie haben das Recht, aus Gr\u00fcnden, die sich aus Ihrer besonderen Situation ergeben, jederzeit gegen die Verarbeitung Sie betreffender personenbezogener Daten, die aufgrund von Artikel 6 Absatz 1 Buchstabe f DSGVO (Datenverarbeitung auf der Grundlage einer Interessenabw\u00e4gung) erfolgt, Widerspruch einzulegen; dies gilt auch f\u00fcr ein auf diese Bestimmung gest\u00fctztes Profiling im Sinne von Artikel 4 Nr. 4 DSGVO.<\/p>\n<p>Legen Sie Widerspruch ein, werden wir Ihre personenbezogenen Daten nicht mehr verarbeiten, es sei denn, wir k\u00f6nnen zwingende schutzw\u00fcrdige Gr\u00fcnde f\u00fcr die Verarbeitung nachweisen, die Ihre Interessen, Rechte und Freiheiten \u00fcberwiegen, oder die Verarbeitung dient der Geltendmachung, Aus\u00fcbung oder Verteidigung von Rechtsanspr\u00fcchen.<\/p>\n<p>\u00a0<strong>Empf\u00e4nger eines Widerspruchs<\/strong><\/p>\n<p>Der Widerspruch kann formfrei mit dem Betreff \u201eWiderspruch\u201c unter Angabe Ihres Namens und Ihrer Adresse erfolgen und sollte gerichtet werden an: <a href=\"mailto:info@decker-co.de\">info@decker-co.de<\/a><\/p>\n<p>[\/et_pb_text][\/et_pb_column][\/et_pb_row][\/et_pb_section]<\/p>\n","protected":false},"excerpt":{"rendered":"<p>IMPRESSUM Herausgeber decker &amp; co \u00b7 Internationale Spedition GmbH Von-Drais-Stra\u00dfe 2677855 Achern Telefon: +49 7841\/2028-20Telefax: +49 7841\/2028-40 E-Mail: info@decker-co.deInternet: www.decker-co.de Vertretungsberechtigte Gesch\u00e4ftsf\u00fchrer:Tobias HaasJ\u00fcrgen Fr\u00f6mberg Registergericht: Amtsgericht MannheimRegisternummer: HRB 220534Umsatzsteuer-Identifikationsnummer gem\u00e4\u00df \u00a7 27 a Umsatzsteuergesetz:DE 1425 80968 Zust\u00e4ndige Aufsichtsbeh\u00f6rde:Bundesamt f\u00fcr G\u00fcterverkehrWerderstra\u00dfe 3450672 K\u00f6ln HaftungshinweisTrotz sorgf\u00e4ltiger inhaltlicher Kontrolle \u00fcbernehmen wir keine Haftung f\u00fcr die Inhalte externer Links. [&hellip;]<\/p>\n","protected":false},"author":2,"featured_media":0,"parent":0,"menu_order":56,"comment_status":"closed","ping_status":"closed","template":"","meta":{"_et_pb_use_builder":"on","_et_pb_old_content":"","_et_gb_content_width":"","footnotes":""},"class_list":["post-7324","page","type-page","status-publish","hentry"],"_links":{"self":[{"href":"https:\/\/decker-co.de\/de\/fr\/wp-json\/wp\/v2\/pages\/7324","targetHints":{"allow":["GET"]}}],"collection":[{"href":"https:\/\/decker-co.de\/de\/fr\/wp-json\/wp\/v2\/pages"}],"about":[{"href":"https:\/\/decker-co.de\/de\/fr\/wp-json\/wp\/v2\/types\/page"}],"author":[{"embeddable":true,"href":"https:\/\/decker-co.de\/de\/fr\/wp-json\/wp\/v2\/users\/2"}],"replies":[{"embeddable":true,"href":"https:\/\/decker-co.de\/de\/fr\/wp-json\/wp\/v2\/comments?post=7324"}],"version-history":[{"count":0,"href":"https:\/\/decker-co.de\/de\/fr\/wp-json\/wp\/v2\/pages\/7324\/revisions"}],"wp:attachment":[{"href":"https:\/\/decker-co.de\/de\/fr\/wp-json\/wp\/v2\/media?parent=7324"}],"curies":[{"name":"wp","href":"https:\/\/api.w.org\/{rel}","templated":true}]}}