{"id":7307,"date":"2025-11-11T10:33:25","date_gmt":"2025-11-11T10:33:25","guid":{"rendered":"https:\/\/decker-co.de\/de\/?page_id=7307"},"modified":"2026-01-31T11:28:46","modified_gmt":"2026-01-31T11:28:46","slug":"datenschutz-bewerbung","status":"publish","type":"page","link":"https:\/\/decker-co.de\/de\/datenschutz-bewerbung\/","title":{"rendered":"Datenschutz \u00b7 Bewerbung"},"content":{"rendered":"<p>[et_pb_section fb_built=&#8220;1&#8243; custom_padding_last_edited=&#8220;on|desktop&#8220; _builder_version=&#8220;4.16&#8243; background_color=&#8220;#575656&#8243; custom_padding_tablet=&#8220;50px|0|50px|0&#8243; custom_padding_phone=&#8220;&#8220; transparent_background=&#8220;off&#8220; padding_mobile=&#8220;off&#8220; make_fullwidth=&#8220;off&#8220; use_custom_width=&#8220;off&#8220; width_unit=&#8220;on&#8220; global_colors_info=&#8220;{}&#8220;][et_pb_row padding_mobile=&#8220;off&#8220; column_padding_mobile=&#8220;on&#8220; _builder_version=&#8220;4.16&#8243; background_size=&#8220;initial&#8220; background_position=&#8220;top_left&#8220; background_repeat=&#8220;repeat&#8220; make_fullwidth=&#8220;off&#8220; use_custom_width=&#8220;off&#8220; width_unit=&#8220;on&#8220; global_colors_info=&#8220;{}&#8220;][et_pb_column type=&#8220;4_4&#8243; _builder_version=&#8220;4.16&#8243; custom_padding=&#8220;|||&#8220; global_colors_info=&#8220;{}&#8220; custom_padding__hover=&#8220;|||&#8220;][\/et_pb_column][\/et_pb_row][\/et_pb_section][et_pb_section fb_built=&#8220;1&#8243; custom_padding_last_edited=&#8220;on|desktop&#8220; admin_label=&#8220;section&#8220; _builder_version=&#8220;4.16&#8243; background_color=&#8220;rgba(255,255,255,0.85)&#8220; custom_padding_tablet=&#8220;50px|0|50px|0&#8243; custom_padding_phone=&#8220;&#8220; transparent_background=&#8220;off&#8220; padding_mobile=&#8220;off&#8220; make_fullwidth=&#8220;off&#8220; use_custom_width=&#8220;off&#8220; width_unit=&#8220;on&#8220; global_colors_info=&#8220;{}&#8220;][et_pb_row column_structure=&#8220;1_2,1_2&#8243; _builder_version=&#8220;4.16&#8243; background_size=&#8220;initial&#8220; background_position=&#8220;top_left&#8220; background_repeat=&#8220;repeat&#8220; global_colors_info=&#8220;{}&#8220;][et_pb_column type=&#8220;1_2&#8243; _builder_version=&#8220;4.16&#8243; custom_padding=&#8220;|||&#8220; global_colors_info=&#8220;{}&#8220; custom_padding__hover=&#8220;|||&#8220;][et_pb_text admin_label=&#8220;Impressum&#8220; _builder_version=&#8220;4.16&#8243; background_size=&#8220;initial&#8220; background_position=&#8220;top_left&#8220; background_repeat=&#8220;repeat&#8220; use_border_color=&#8220;off&#8220; border_color=&#8220;#ffffff&#8220; border_style=&#8220;solid&#8220; global_colors_info=&#8220;{}&#8220;]<\/p>\n<h3><strong>IMPRESSUM<\/strong><\/h3>\n<p><strong>Herausgeber<\/strong><\/p>\n<p><strong>decker &amp; co \u00b7 Internationale Spedition GmbH<br \/><\/strong><\/p>\n<div class=\"p\">\n<p>Von-Drais-Stra\u00dfe 26<br \/>77855 Achern<\/p>\n<p>Telefon: +49 7841\/2028-20<br \/>Telefax: +49 7841\/2028-40<\/p>\n<p>E-Mail: <span style=\"color: #ff0000;\"><a href=\"mailto:info@decker-co.de\" style=\"color: #ff0000;\">info@decker-co.de<\/a><\/span><br \/>Internet: <span style=\"color: #ff0000;\"><a href=\"http:\/\/www.decker-co.de\/\" style=\"color: #ff0000;\">www.decker-co.de<\/a><\/span><\/p>\n<p><strong>Vertretungsberechtigte Gesch\u00e4ftsf\u00fchrer:<\/strong><br \/>Tobias Haas<br \/>J\u00fcrgen Fr\u00f6mberg<\/p>\n<\/div>\n<p>[\/et_pb_text][\/et_pb_column][et_pb_column type=&#8220;1_2&#8243; _builder_version=&#8220;4.16&#8243; custom_padding=&#8220;|||&#8220; global_colors_info=&#8220;{}&#8220; custom_padding__hover=&#8220;|||&#8220;][et_pb_text admin_label=&#8220;Impressum&#8220; _builder_version=&#8220;4.16&#8243; background_size=&#8220;initial&#8220; background_position=&#8220;top_left&#8220; background_repeat=&#8220;repeat&#8220; use_border_color=&#8220;off&#8220; global_colors_info=&#8220;{}&#8220;]<\/p>\n<div class=\"p\">\n<p>Registergericht: Amtsgericht Mannheim<br \/>Registernummer: HRB 220534<br \/>Umsatzsteuer-Identifikationsnummer gem\u00e4\u00df \u00a7 27 a Umsatzsteuergesetz:<br \/>DE 1425 80968<\/p>\n<p>Zust\u00e4ndige Aufsichtsbeh\u00f6rde:<br \/>Bundesamt f\u00fcr G\u00fcterverkehr<br \/>Werderstra\u00dfe 34<br \/>50672 K\u00f6ln<\/p>\n<p><strong>Haftungshinweis<\/strong><br \/>Trotz sorgf\u00e4ltiger inhaltlicher Kontrolle \u00fcbernehmen wir keine Haftung f\u00fcr die Inhalte externer Links. F\u00fcr den Inhalt der verlinkten Seiten sind ausschlie\u00dflich deren Betreiber verantwortlich.<\/p>\n<p><strong>Webdesign und Realisation<\/strong><\/p>\n<\/div>\n<p>T23a Werbeagentur GmbH<\/p>\n<p>&nbsp;<\/p>\n<p>[\/et_pb_text][\/et_pb_column][\/et_pb_row][et_pb_row module_id=&#8220;datenschutz&#8220; _builder_version=&#8220;4.16&#8243; custom_margin=&#8220;|auto||72px||&#8220; custom_padding=&#8220;|||0px||&#8220; global_colors_info=&#8220;{}&#8220;][et_pb_column type=&#8220;4_4&#8243; _builder_version=&#8220;4.16&#8243; custom_padding=&#8220;|||&#8220; global_colors_info=&#8220;{}&#8220; custom_padding__hover=&#8220;|||&#8220;][et_pb_text _builder_version=&#8220;4.27.4&#8243; header_4_line_height=&#8220;1.7em&#8220; global_colors_info=&#8220;{}&#8220;]<\/p>\n<h3><strong>Datenschutzhinweise f\u00fcr Bewerberinnen und Bewerber<\/strong><\/h3>\n<p><span><span class=\"borlabs-cookie-open-dialog-preferences brlbs-cmpnt-container\" data-borlabs-cookie-title=\"Einwilligung-Pr\u00e4ferenzen \u00f6ffnen\" data-borlabs-cookie-type=\"button\" ><\/span><\/span><\/p>\n<p><strong>Unser Umgang mit Ihren Daten und Ihre Rechte \u2013 Informationen nach Art. 13 ff. der EU-Datenschutz-Grundverordnung (EU-DSGVO)<\/strong><\/p>\n<p>Wir freuen uns, dass Sie sich f\u00fcr uns interessieren und sich f\u00fcr eine Stelle in unserem Unternehmen bewerben oder beworben haben. Mit den folgenden Informationen m\u00f6chten wir Ihnen einen \u00dcberblick \u00fcber die Verarbeitung Ihrer personenbezogenen Daten durch uns und Ihre daraus entstehenden Rechte im Zusammenhang mit Ihrer Bewerbung geben.<\/p>\n<p>Dar\u00fcber hinaus kann diese Datenschutzinformation von Zeit zu Zeit aktualisiert werden. Die aktuellste Version finden Sie auf unserer Webseite unter: https:\/\/www.decker-co.de<\/p>\n<p><strong>Wer ist f\u00fcr die Datenverarbeitung verantwortlich und an wen kann ich mich wenden?<\/strong><\/p>\n<p><strong>Verantwortliche Stelle ist:<\/strong><\/p>\n<p>decker &amp; co Internationale Spedition GmbH<br \/>Von-Drais-Stra\u00dfe 26<br \/>77855 Achern<br \/>Tel: \u00a0\u00a0\u00a0\u00a0 +49 7841\/2028-20<br \/>Fax: \u00a0\u00a0\u00a0 +49 7841\/2028-40<\/p>\n<p>E-Mail: <span style=\"color: #e02b20;\"><a href=\"mailto:info@decker-co.de\" style=\"color: #e02b20;\">info@decker-co.de<\/a><\/span><\/p>\n<p>GF: Tobias Haas, J\u00fcrgen Fr\u00f6mberg<\/p>\n<p>Sie erreichen unseren Datenschutzbeauftragten, Herrn Dirk Hellmich, unter der oben aufgef\u00fchrten Postanschrift mit dem Zusatz \u201eAn den Datenschutzbeauftragten\u201c oder \u00fcber die E-Mail-Adresse: <a href=\"mailto:dirk.hellmich@bechtle.com\">dirk.hellmich@bechtle.com<\/a><\/p>\n<p><strong>Art der erhobenen personenbezogenen Daten<\/strong><\/p>\n<p>Wir verarbeiten folgende personenbezogene Daten, die Sie uns im Zusammenhang mit Ihrer Bewerbung zugesendet haben, um Ihre Eignung f\u00fcr die Stelle (oder ggf. andere offene Positionen in unseren Unternehmen) zu pr\u00fcfen und das Bewerbungsverfahren durchzuf\u00fchren.<\/p>\n<p>Titel und Name<\/p>\n<p>Anschrift<br \/>Telefonnummer<br \/>E-Mail-Adresse<br \/><span style=\"font-size: 15px;\">Bild<br \/><\/span><span style=\"font-size: 15px;\">Lebenslauf<br \/><\/span><span style=\"font-size: 15px;\"><\/span>Zeugnisse<br \/>Weiterbildungs-Nachweise<br \/>Referenzen<\/p>\n<p>\u00a0<strong>Wir verarbeiten Ihre Daten zu folgenden Zwecken und auf folgender Rechtsgrundlage<\/strong><\/p>\n<p>Wir verarbeiten personenbezogene Daten im Einklang mit den Bestimmungen der europ\u00e4ischen Datenschutz-Grundverordnung (EU-DSGVO) und dem Bundesdatenschutzgesetz (BDSG).<\/p>\n<p>Rechtsgrundlage f\u00fcr die Verarbeitung Ihrer personenbezogenen Daten in diesem Bewerbungsverfahren ist prim\u00e4r \u00a7 26 BDSG in der ab dem 25.05.2018 geltenden Fassung. Danach ist die Verarbeitung der Daten zul\u00e4ssig, die im Zusammenhang mit der Entscheidung \u00fcber die Begr\u00fcndung eines Besch\u00e4ftigungsverh\u00e4ltnisses erforderlich sind.<\/p>\n<p>Soweit wir f\u00fcr die Verarbeitung von personenbezogenen Daten eine Einwilligung von Ihnen einholen, dient uns Art. 6 Abs. 1 lit. a EU-DSGVO, Art. 88 Abs. 1 EU-DSGVO i.V. m. \u00a7 26 Abs. 2 BDSG als Rechtsgrundlage.<\/p>\n<p>Bei der Verarbeitung von personenbezogenen Daten, die zur Begr\u00fcndung, Durchf\u00fchrung oder Beendigung des Arbeitsvertrages erforderlich ist, dient uns Art. 6 Abs. 1 lit. b EU-DSGVO, Art. 88 Abs. 1 EU-DSGVO i.V. m. \u00a7 26 Abs. 1 BDSG, \u00a7 611a BGB als Rechtsgrundlage.<\/p>\n<p>Falls eine Verarbeitung Ihrer personenbezogenen Daten zur Erf\u00fcllung einer rechtlichen Verpflichtung erforderlich ist, welcher wir unterliegen, dient uns Art. 6 Abs. 1 lit. c EU-DSGVO als Rechtsgrundlage.<\/p>\n<p>Sollten die Daten nach Abschluss des Bewerbungsverfahrens ggf. zur Rechtsverfolgung erforderlich sein, kann eine Datenverarbeitung auf Basis der Voraussetzungen von Art. 6 EU-DSGVO, insbesondere zur Wahrnehmung von berechtigten Interessen nach Art. 6 Abs. 1 lit. f EU-DSGVO erfolgen. Unser Interesse besteht dann in der Geltendmachung oder Abwehr von Anspr\u00fcchen.<\/p>\n<p><strong>\u00a0<\/strong><\/p>\n<p><strong>Wer bekommt meine Daten?<\/strong><\/p>\n<p>Ihre Bewerberdaten werden nach Eingang Ihrer Bewerbung von der Personalabteilung gesichtet. Geeignete Bewerbungen werden dann intern an die Abteilungsverantwortlichen f\u00fcr die jeweils offene Position weitergeleitet. Dann wird der weitere Ablauf abgestimmt. Im Unternehmen haben grunds\u00e4tzlich nur die Personen Zugriff auf Ihre Daten, die dies f\u00fcr den ordnungsgem\u00e4\u00dfen Ablauf unseres Bewerbungsverfahrens ben\u00f6tigen.<\/p>\n<p>Die Empf\u00e4nger auf unserer als auch auf anderer Seite k\u00f6nnen z.B. sein:<\/p>\n<p>Personalabteilung<br \/>Fachabteilungen<br \/>Schwerbehindertenvertretung<br \/>Arbeitsagentur<br \/>Integrationsamt im Falle einer Schwerbehinderung<br \/>IT-Dienstleister<br \/>Rechtsanw\u00e4lte<\/p>\n<p><strong>Werden Daten in ein Drittland oder an eine internationale Organisation \u00fcbermittelt?<\/strong><\/p>\n<p>Ihre Daten werden nur innerhalb der Bundesrepublik Deutschland verarbeitet.<\/p>\n<p>&nbsp;<\/p>\n<p><strong>Wie lange werden meine Daten gespeichert?<\/strong><\/p>\n<p>Daten von Bewerberinnen und Bewerbern werden im Falle einer Absage nach 6 Monaten gel\u00f6scht. F\u00fcr den Fall, dass Sie einer weiteren Speicherung Ihrer personenbezogenen Daten zugestimmt haben, werden wir Ihre Daten in unseren Bewerber-Pool \u00fcbernehmen. Dort werden die Daten nach Ablauf von einem Jahr gel\u00f6scht. Sollten Sie im Rahmen des Bewerbungsverfahrens den Zuschlag f\u00fcr eine Stelle erhalten haben, werden die Daten aus dem Bewerberdatensystem in unser Personalinformationssystem \u00fcberf\u00fchrt. \u00a0<\/p>\n<p><strong>\u00a0<\/strong><\/p>\n<p><strong>Welche Datenschutzrechte habe ich?<\/strong><\/p>\n<p>Sie haben das Recht auf Auskunft nach Artikel 15 DSGVO, das Recht auf Berichtigung nach Artikel 16 DSGVO, das Recht auf L\u00f6schung nach Artikel 17 DSGVO, das Recht auf Einschr\u00e4nkung der Verarbeitung nach Artikel 18 DSGVO, das Recht auf Widerspruch aus Artikel 21 DSGVO sowie das Recht auf Daten\u00fcbertragbarkeit aus Artikel 20 DSGVO.<\/p>\n<p>Um diese Rechte geltend zu machen, wenden Sie sich bitte an <span style=\"color: #e02b20;\"><a href=\"mailto:info@decker-co.de\" style=\"color: #e02b20;\">info@decker-co.de<\/a><\/span><\/p>\n<p>Gleiches gilt, wenn Sie Fragen zur Datenverarbeitung in unserem Unternehmen haben oder eine erteilte Einwilligung widerrufen m\u00f6chten.<\/p>\n<p>Dar\u00fcber hinaus besteht ein Beschwerderecht bei einer zust\u00e4ndigen Datenschutzaufsichts-beh\u00f6rde (Artikel 77 DSGVO i.V. m. \u00a7 19 BDSG). Die f\u00fcr uns zust\u00e4ndige Aufsichtsbeh\u00f6rde ist:<\/p>\n<p>Landesbeauftragte f\u00fcr den Datenschutz in BW, <strong>Lautenschlagerstra\u00dfe 20<\/strong>, 70173 Stuttgart<\/p>\n<p>Telefonnummer: 0711 615541-0<br \/>Faxnummer: 0711 615541-15<br \/><span style=\"color: #666666;\"><a href=\"mailto:poststelle@lfdi.bwl.de\" style=\"color: #666666;\">poststelle@lfdi.bwl.de<\/a><\/span><br \/>https:\/\/www.baden-wuerttemberg.datenschutz.de<\/p>\n<p>&nbsp;<\/p>\n<p><strong>Gibt es eine Pflicht zur Bereitstellung von Daten?<\/strong><\/p>\n<p>Im Rahmen der Bewerbung m\u00fcssen Sie diejenigen personenbezogenen Daten bereitstellen, die f\u00fcr die Aufnahme, Durchf\u00fchrung und Beendigung der Bewerbung und zur Erf\u00fcllung der damit verbundenen vertraglichen Pflichten erforderlich sind. Ohne diese Daten werden wir in der Regel nicht in der Lage sein, das Bewerbungsverfahren mit Ihnen auszuf\u00fchren.<\/p>\n<p>[\/et_pb_text][\/et_pb_column][\/et_pb_row][\/et_pb_section]<\/p>\n","protected":false},"excerpt":{"rendered":"<p>IMPRESSUM Herausgeber decker &amp; co \u00b7 Internationale Spedition GmbH Von-Drais-Stra\u00dfe 2677855 Achern Telefon: +49 7841\/2028-20Telefax: +49 7841\/2028-40 E-Mail: info@decker-co.deInternet: www.decker-co.de Vertretungsberechtigte Gesch\u00e4ftsf\u00fchrer:Tobias HaasJ\u00fcrgen Fr\u00f6mberg Registergericht: Amtsgericht MannheimRegisternummer: HRB 220534Umsatzsteuer-Identifikationsnummer gem\u00e4\u00df \u00a7 27 a Umsatzsteuergesetz:DE 1425 80968 Zust\u00e4ndige Aufsichtsbeh\u00f6rde:Bundesamt f\u00fcr G\u00fcterverkehrWerderstra\u00dfe 3450672 K\u00f6ln HaftungshinweisTrotz sorgf\u00e4ltiger inhaltlicher Kontrolle \u00fcbernehmen wir keine Haftung f\u00fcr die Inhalte externer Links. [&hellip;]<\/p>\n","protected":false},"author":2,"featured_media":0,"parent":0,"menu_order":55,"comment_status":"closed","ping_status":"closed","template":"","meta":{"_et_pb_use_builder":"on","_et_pb_old_content":"","_et_gb_content_width":"","footnotes":""},"class_list":["post-7307","page","type-page","status-publish","hentry"],"_links":{"self":[{"href":"https:\/\/decker-co.de\/de\/wp-json\/wp\/v2\/pages\/7307","targetHints":{"allow":["GET"]}}],"collection":[{"href":"https:\/\/decker-co.de\/de\/wp-json\/wp\/v2\/pages"}],"about":[{"href":"https:\/\/decker-co.de\/de\/wp-json\/wp\/v2\/types\/page"}],"author":[{"embeddable":true,"href":"https:\/\/decker-co.de\/de\/wp-json\/wp\/v2\/users\/2"}],"replies":[{"embeddable":true,"href":"https:\/\/decker-co.de\/de\/wp-json\/wp\/v2\/comments?post=7307"}],"version-history":[{"count":0,"href":"https:\/\/decker-co.de\/de\/wp-json\/wp\/v2\/pages\/7307\/revisions"}],"wp:attachment":[{"href":"https:\/\/decker-co.de\/de\/wp-json\/wp\/v2\/media?parent=7307"}],"curies":[{"name":"wp","href":"https:\/\/api.w.org\/{rel}","templated":true}]}}